{"id":185,"date":"2023-01-23T12:23:41","date_gmt":"2023-01-23T12:23:41","guid":{"rendered":"https:\/\/reidikvartal.ee\/?page_id=185"},"modified":"2023-01-23T12:28:22","modified_gmt":"2023-01-23T12:28:22","slug":"terms","status":"publish","type":"page","link":"https:\/\/reidikvartal.ee\/et\/terms\/","title":{"rendered":"Terms"},"content":{"rendered":"<p>Tere\u00a0tulemast\u00a0KOGE veebilehele!<br \/>\n<\/br><br \/>\nK\u00e4esolev\u00a0dokument\u00a0sisaldab\u00a0veebilehe:\u00a0<br \/>\nreidikvartal.ee<br \/>\n<\/br><br \/>\nKasutustingimusi. KOGE- veebilehele (edaspidi \u201cmeie veebileht\u201d v\u00f5i \u201cKOGE veebileht\u201d) sisenedes n\u00f5ustute nende Kasutustingimustega (\u201cTingimused\u201d) ning meie Privaatsuspoliitikaga. Kui te ei n\u00f5ustu k\u00f5igi nende tingimustega, ei tohi te meie veebilehte ja teenuseid kasutada. Nendes tingimustes t\u00e4histavad \u201cmeie\u201d, \u201cme\u201d ja \u201cKOGE\u201d KOGE-t ja \u201csina\u201d ja \u201cteie\u201d viitab teile, meie veebisaidi ja teenuste kasutajale.<br \/>\n<\/br><br \/>\nENNE MATERJALIDE, TEABE V\u00d5I TEENUSTE JUURDEP\u00c4\u00c4SU, KASUTAMIST V\u00d5I HANKIMIST LUGEGE NEED TINGIMUSED T\u00c4HELEPANELIKULT L\u00c4BI.\u00a0\u00a0<br \/>\n<\/br><br \/>\nTINGIMUSTEGA N\u00d5USTUMINE\u00a0<br \/>\nK\u00e4esoleva Kokkuleppega kehtestatakse KOGE kasutamiseks \u00f5iguslikult siduvad tingimused. KOGE-t kasutades n\u00f5ustute k\u00e4esoleva Kokkuleppega. Kui te ei n\u00f5ustu selle Kokkuleppe tingimustega, peaksite KOGE veebilehelt kohe lahkuma. Me v\u00f5ime seda Kokkulepet aeg-ajalt muuta ja muudatused j\u00f5ustuvad p\u00e4rast nende avaldamist KOGE veebilehel. Kui te kasutate KOGE-t p\u00e4rast selliste muudatuste avaldamist, n\u00f5ustute end k\u00e4esoleva Kokkuleppe mis tahes muudatustega; seet\u00f5ttu on oluline seda Kokkulepet regulaarselt \u00fcle vaadata.\nTe kinnitate ja tagate, et k\u00f5ik esitatud registreerimisandmed on t\u00e4psed ja t\u00f5esed; ja et teiepoolne platvormi kasutamine ei riku \u00fchtegi kehtivat seadust ega m\u00e4\u00e4rust. KOGE v\u00f5ib oma \u00e4ran\u00e4gemise j\u00e4rgi keelduda platvormi pakkumisest mis tahes \u00fcksusele ja muuta igal ajal oma lubatavuse tingimusi. See s\u00e4te on t\u00fchine, kui see on seadusega keelatud ning sellistes jurisdiktsioonides t\u00fchistatakse teenusele ja platvormile juurdep\u00e4\u00e4su \u00f5igus.<br \/>\n<\/br><br \/>\nLUBATAVUS\u00a0<br \/>\nV\u00f5ite veebilehte ja teenuseid kasutada ainult siis, kui v\u00f5ite KOGE-ga s\u00f5lmida siduva kokkuleppe, ja ainult koosk\u00f5las nende tingimustega ning k\u00f5igi kohaldatavate kohalike, maakondlike, riiklike ja rahvusvaheliste seaduste, reeglite ja m\u00e4\u00e4rustega.\nSelle veebilehe ja teenuste kasutamine alla 13-aastaste laste poolt on keelatud ning vanemaid lapsi tuleks meie veebilehe ja teenuste kasutamisel juhendada. Vanemate ja seaduslike eestkostjate kohustus on otsustada, kas mingi sisu ja \/ v\u00f5i teenused on nende lapsele sobivad.\u202f\nTeenuseid kasutades kinnitate ja tagate, et teil on t\u00e4ielik \u00f5igus, v\u00f5im ja volitused kokkuleppe s\u00f5lmimiseks ja k\u00f5igi siinsete kohustuste t\u00e4ielikuks t\u00e4itmiseks. Lisaks kinnitate ja tagate, et teil puudub \u00f5igusv\u00f5imetus ja lepingulised piirangud, mis takistavad teil k\u00e4esoleva lepingu s\u00f5lmimist.<br \/>\n<\/br><br \/>\nKOLMANDA OSAPOOLE MATERJALID\u00a0<br \/>\n\u201eKolmanda osapoole materjalid\u201d \u2013 mis tahes sisu, pildid, videod, tekstid v\u00f5i muu materjal, mis kuulub kolmandale osapoolele, n\u00e4iteks fotopankade fotod, videod ja tekstid. Selliste kolmandate osapoolte materjalide suhtes kehtivad kolmanda osapoole tingimused ja litsentsid ning neid tohib kasutada ainult selliste tingimuste ja litsentsidega lubatud viisil.<br \/>\n<\/br><br \/>\nBLOGIPIDAJA AUTORI\u00d5IGUS\u00a0<br \/>\nKui pole \u00f6eldud teisiti, on kogu KOGE  veebilehe sisu ainuomanik selle sisu omanik. \u00c4rge kopeerige sisu ja n\u00e4idake seda enda omana, kuna nii rikute autori\u00f5igusi.<br \/>\n<\/br><br \/>\n\u00dcLDINE AUTORI\u00d5IGUS<br \/>\nKogu sellel veebilehel olev sisu, nagu tekst, graafika, logod, nupuikoonid, pildid, video, heliklipid, andmekoondid ja tarkvara, on KOGE selle kauplejate v\u00f5i sisutarnijate omand ja kaitstud rahvusvahelise autori\u00f5igusega. Selle veebilehe kogu sisu koond on KOGE ainuomand ja see on kaitstud rahvusvahelise autori\u00f5igusega. Kogu sellel veebilehel kasutatav tarkvara on KOGE  v\u00f5i selle tarkvara tarnijate omand ja kaitstud rahvusvahelise autori\u00f5igusega.\n\u00a0Teil ei ole luba meie veebilehelt ilma meie eelneva kirjaliku n\u00f5usolekuta kopeerida, edastada, levitada, kuvada, taas avaldada, postitada ega \u00fcles laadida, kui meie veebilehel ei ole v\u00e4ljendatud teisiti. V\u00f5ite meie veebilehe sisust koopiat printida ainult isiklikuks kasutamiseks. Sellega n\u00f5ustute ka mitte mingil viisil meie sisu otseselt v\u00f5i kaudselt muutma v\u00f5i eemaldama autori\u00f5igust, \u00e4rinime, teenusem\u00e4rki, kaubam\u00e4rki v\u00f5i muud omandi\u00f5iguse t\u00e4hist. Mis tahes sisu muutmine v\u00f5i kasutamine, mis j\u00e4\u00e4b v\u00e4ljapoole k\u00e4esolevate tingimuste juhiseid, rikub intellektuaalomandi \u00f5igusi. Meie veebilehele sisenemisel ei oma te mingeid \u00f5igusi ega omandi\u00f5igust meie sisule ega muule intellektuaalsele omandile.<br \/>\n<\/br><br \/>\nAUTORI\u00d5IGUSE KAEBUSED\u00a0<br \/>\nKOGE austab teiste intellektuaalset omandit ja eeldab, et kasutajad teevad seda sama. Kui leiate heas usus, et KOGE veebilehel olevad v\u00f5i sellega seotud materjalid rikuvad teie autori\u00f5igusi v\u00f5i muid intellektuaalomandi \u00f5igusi, saatke meile j\u00e4rgmine teave:\u00a0<br \/>\nTooge v\u00e4lja, millise intellektuaalomandi \u00f5igusi on v\u00e4idetavalt rikutud. Lisada tuleks k\u00f5ik asjakohased registreerimisnumbrid v\u00f5i avaldus teose omandi\u00f5iguse kohta.\nAvaldus, milles on konkreetselt n\u00e4idatud rikkuva materjali asukoht, piisavalt \u00fcksikasjalikult, et KOGE selle KOGE veebilehelt leiab. Pange t\u00e4hele: ei piisa vaid \u00fclataseme lingi esitamisest.\nTeie nimi, aadress, telefoninumber ja e-posti aadress.\nTeie kinnitus, et leiate heas usus, et v\u00e4idetavalt rikkuva materjali kasutamist ei ole \u00f5iguste omanik v\u00f5i tema esindaja lubanud v\u00f5i ei ole see seadusega lubatud.\nTeie kinnitus, et tegu ei ole valeandmete esitamisega, teie avalduses esitatud teave on \u00f5ige ja et olete autori\u00f5iguse omanik v\u00f5i volitatud tegutsema autori\u00f5iguse omaniku nimel.\nAutori\u00f5iguse omaniku v\u00f5i autori\u00f5iguse omaniku nimel tegutsema volitatud isiku elektrooniline v\u00f5i f\u00fc\u00fcsiline allkiri.<br \/>\n<\/br><br \/>\nANDMETE T\u00c4PSUS JA \u00d5IGEAEGSUS<br \/>\nMe ei taga, et veebilehel olev teave on t\u00e4pne, t\u00e4ielik v\u00f5i ajakohastatud. K\u00e4esoleva veebilehe sisu on esitatud \u00fcldiseks teavituseks ja seda ei tohiks k\u00e4sitleda professionaalsete n\u00f5uannetena, palun p\u00f6\u00f6rduge teiste usaldusv\u00e4\u00e4rsemate ja t\u00e4psemate allikate poole. Sellel veebilehel pakutava materjali kasutamine toimub omal vastutusel.<br \/>\n<\/br><br \/>\nKEELATUD TEGEVUSED\u00a0<br \/>\nVeebilehel pakutav sisu ja teave (sealhulgas, kuid mitte ainult, andmed, teave, tekst, muusika, heli, fotod, graafika, video, kaardid, ikoonid v\u00f5i muu materjal), samuti sellise sisu pakkumiseks kasutatav infrastruktuur ja teave, on KOGE omandis v\u00f5i on litsentsitud KOGE-le kolmandate osapoolte poolt. N\u00f5ustute mis tahes sisu, v\u00e4lja arvatud teie enda sisu, mitte muutma, kopeerima, levitama, edastama, kuvama, t\u00e4itma, reprodutseerima, avaldama, litsentsima, looma tuletatud teoseid, \u00fcle kandma, m\u00fc\u00fcma v\u00f5i edasi m\u00fc\u00fcma mis tahes teavet, tarkvara v\u00f5i veebilehelt v\u00f5i selle kaudu saadavaid teenuseid. Lisaks n\u00f5ustute mitte:\nKasutama teenuseid v\u00f5i sisu mis tahes \u00e4rilistel eesm\u00e4rkidel, v\u00e4lja arvatud need kaubanduslikud eesm\u00e4rgid, mis on selges\u00f5naliselt lubatud k\u00e4esoleva kokkuleppe ja sellega seotud suuniste kaudu, mille KOGE on teinud k\u00e4ttesaadavaks;\nLigi p\u00e4\u00e4sema, j\u00e4lgima, reprodutseerima, levitama, edastama, \u00fcle kandma, kuvama, m\u00fc\u00fcma, litsentsima, kopeerima ega muul viisil teenuste sisu kasutama, sealhulgas, kuid mitte ainult, mitte kasutama mis tahes netiroboti, -\u00e4mbliku, -kaabitsa v\u00f5i muud automatiseeritud vahendit v\u00f5i mis tahes k\u00e4siprotsesse mis tahes eesm\u00e4rgil, mis ei ole koosk\u00f5las k\u00e4esoleva kokkuleppega v\u00f5i ilma meie selges\u00f5nalise kirjaliku loata;\nMitte rikkuma teenuste otsiroboti piiranguid ega muid teenuste juurdep\u00e4\u00e4su takistamiseks v\u00f5i piiramiseks kasutatavaid meetmeid, nendest m\u00f6\u00f6da minnes v\u00f5i neid v\u00e4ltides.;\nKasutama meetmeid, mis panevad v\u00f5i v\u00f5ivad meie arvates meie infrastruktuurile p\u00f5hjustada p\u00f5hjendamatut v\u00f5i ebaproportsionaalselt suurt koormust;\nS\u00fcvalinkima mis tahes otstarbega teenustele mis tahes otstarbel ilma meie selges\u00f5nalise kirjaliku loata;\nLisama teenuse mis tahes osa \u201cpaneeli\u201d, \u201cpeegli\u201d v\u00f5i muus vormis teisele veebilehele v\u00f5i teenusesse ilma meie eelneva kirjaliku loata;\nM\u00f6\u00f6da minema, keelama v\u00f5i muul viisil h\u00e4irima teenuste turvalisusega seotud funktsioone v\u00f5i funktsioone, mis takistavad v\u00f5i piiravad mis tahes sisu kasutamist v\u00f5i kopeerimist; v\u00f5i\nLaadima alla sisu, v\u00e4lja arvatud juhul, kui see on KOGE poolt selges\u00f5naliselt allalaadimiseks k\u00e4ttesaadavaks tehtud.<br \/>\n<\/br><br \/>\nGARANTIIDEST LOOBUMINE\u00a0<br \/>\nInterneti olemuse t\u00f5ttu pakub ja hooldab KOGE veebilehte sellisel kujul, nagu see on praegu, olemasoleval kujul ega luba, et veebilehe kasutamine on katkematu v\u00f5i t\u00e4iesti veatu. Me ei vastuta teie ees, kui me ei suuda meie Interneti-teenuseid osutada p\u00f5hjusel, mis pole meie kontrolli all.\nMeie veebileht v\u00f5ib aeg-ajalt sisaldada linke teistele veebilehtedele, mis pole meie kontrolli all ja mida me ei halda. Lisame neid linke ainult teie mugavuse huvides ja me ei vastuta nende lehtede sisu eest.\nV\u00e4lja arvatud \u00fclaltoodu korral, ei saa me anda mingeid muid otseseid ega kaudseid garantiisid ega muid tingimusi, seadusest tulenevalt ega muidu, ning k\u00f5ik sellised tingimused on k\u00e4esolevaga seadusega lubatud maksimaalses ulatuses v\u00e4listatud.\nNende tingimuste mis tahes omapoolse rikkumise eest vastutate teie ja kui te kasutate veebilehte neid tingimusi rikkudes, vastutate selle eest teie ja h\u00fcvitate KOGE-le selle tagaj\u00e4rjel tekkinud kahju v\u00f5i kahju.\nKOGE ei vastuta mingil m\u00e4\u00e4ral lepingust tulenevate kohustuste t\u00e4itmata j\u00e4tmise eest, kui sellise rikkumise p\u00f5hjuseks on m\u00f5ni etten\u00e4gematu s\u00fcndmus, mis on v\u00e4ljaspool tema m\u00f5istlikku kontrolli, sealhulgas ilma piiranguteta Interneti katkestused, sidekatkestused, tulekahju, \u00fcleujutus, s\u00f5da v\u00f5i v\u00e4\u00e4ramatu j\u00f5ud.\nNeed tingimused ei m\u00f5juta teile kui tarbijale kasutada olevaid seaduslikke \u00f5igusi.\nNagu eespool mainitud, v\u00e4listab KOGE seadusega lubatud maksimaalses ulatuses vastutuse mistahes kahju v\u00f5i kahjustuse eest, sealhulgas ilma piiranguteta otsese, kaudse v\u00f5i kaudse kahju, olenemata sellest, kas see tuleneb probleemist, millest te KOGE-t teavitate, ja KOGE ei ole kohustatud rahaliselt h\u00fcvitama raha, sealhulgas ilma piiranguteta kogu vastutust, mis on seotud j\u00e4rgmisega:\n\u00dcksk\u00f5ik millise eba\u00f5ige v\u00f5i ebat\u00e4pse informatsiooniga veebilehel KOGE;\n\u00dcksk\u00f5ik millise veebilehe KOGE uuendamise katkestuste v\u00f5i viivitustega;\nVeebilehe v\u00f5i veebilehe kaudu ostetud toodete v\u00f5i teenuste kasutamise t\u00f5ttu kolmandate isikute intellektuaalomandi \u00f5iguste rikkumisega;\nMis tahes kaotuse v\u00f5i kahjustusega, mis tuleneb teiepoolsest veebilehe kasutamisest v\u00f5i suutmatusest kasutada seda v\u00f5i mis on tekkinud volitamata juurdep\u00e4\u00e4su kaudu teie andmeedastusele v\u00f5i andmetele v\u00f5i nende muutmisele meie kontrolli alt v\u00e4ljas olevatel asjaoludel;\nMis tahes kasumi kaotamise, kulutuste, andmete rikkumise v\u00f5i h\u00e4vitamise v\u00f5i mis tahes muu kahjuga, mis ei tulene otseselt millestki, mida me oleme valesti teinud;\nMis tahes t\u00fc\u00fcpi kahjud v\u00f5i kahjustused, mis on p\u00f5hjustatud viirustest v\u00f5i muust pahatahtlikust tarkvarast, mis v\u00f5ib nakatada kasutaja arvutiseadmeid, tarkvara, andmeid v\u00f5i muud vara, mille on p\u00f5hjustanud inimesed, kes p\u00e4\u00e4sevad juurde veebisaidile v\u00f5i kasutavad seda sisu v\u00f5i edastavad e-kirju v\u00f5i manuseid KOGE-ilt saadud e-kirjade v\u00f5i manuste kaudu.\nK\u00f5igi avalduste, garantiide ja muude tingimustega, millele sellel teatisel oleks m\u00f5ju.<br \/>\n<\/br><br \/>\nKOGE JA KOLMANDAD OSAPOOLED\u00a0<br \/>\nKOGE sisaldab KOGE-le kolmandate osapoolte litsentsiandjate sisu, mis on kaitstud autori\u00f5iguse, kaubam\u00e4rgi, patendi, \u00e4risaladuse ja muude seadustega. KOGE omab ja s\u00e4ilitab k\u00f5iki sisuga seotud \u00f5igusi, omandi\u00f5igusi ja huve. KOGE annab teile k\u00e4esolevaga piiratud, t\u00fchistatava, ilma edasilitsentseerimise \u00f5iguseta loa sisu ja mis tahes muude tootjate sisu voogesitamiseks ja \/ v\u00f5i vaatamiseks, mis asuvad KOGE-s v\u00f5i teenuses v\u00f5i on selle kaudu k\u00e4ttesaadavad (v\u00e4lja arvatud kogu \u00fclaltoodud tarkvarakood) ainult teie isiklikuks, mitte\u00e4riliseks kasutamiseks seoses KOGE-i vaatamise ja teenuse kasutamisega.\nK\u00f5ik tehingud KOGE-s v\u00f5i selles sisalduvate kolmandate osapooltega, mis h\u00f5lmavad kaupade ja teenuste tarnimist ja nende eest tasumist, v\u00f5i mis tahes muid tingimusi, garantiisid v\u00f5i selliste kolmandate osapooltega seotud esitusi, puudutavad ainult teid ja seda kolmandat osapoolt. KOGE ei vastuta selliste tehingute v\u00f5i reklaamikampaaniate \u00fchegi osa eest. Mis tahes viited mis tahes kolmandale osapoolele v\u00f5i mis tahes kolmanda osapoole toodetele v\u00f5i teenustele KOGE-s ei t\u00e4henda sellise kolmanda osapoole toodete v\u00f5i teenuste kinnitust ega soovitust KOGE v\u00f5i selle t\u00f6\u00f6tajate, juhtkonna, s\u00f5ltumatute t\u00f6\u00f6v\u00f5tjate, agentide ega teiste esindajate poolt. KOGE-s sisalduvad mis tahes viited mis tahes kolmandatele osapooltele antakse teile ainult informatiivsel eesm\u00e4rgil. KOGE julgustab teid l\u00e4bi viima oma uurimist\u00f6\u00f6d ja t\u00e4itma oma hoolsuskohustust selliste kolmandate osapoolte ning nende toodete ja teenuste osas. KOGE pingutab siiski selle nimel, et teave KOGE veebilehel oleks ajakohane ja t\u00e4pne.<br \/>\n<\/br><br \/>\nMITTE\u00c4RILINE KASUTAMINE\u00a0<br \/>\nTeenuseid ja veebilehte ei tohi kasutada \u00e4rilistel eesm\u00e4rkidel, v\u00e4lja arvatud juhul, kui KOGE on selle konkreetselt heaks kiitnud. KOGE-t loata raamimine v\u00f5i sellega linkimine on keelatud. Ette teatamata \u00e4rireklaamid, sidusettev\u00f5tte lingid ja muus vormis sisu v\u00f5ib p\u00f5hjustada kasutaja \u00f5igustest ilmaj\u00e4\u00e4mise.<br \/>\n<\/br><br \/>\nTURVAKOMPONENDID<br \/>\nM\u00f5istate, et KOGE ja KOGE-s sisalduv tarkvara v\u00f5ivad sisaldada turbekomponente, mis v\u00f5imaldavad digitaalsete materjalide kaitset, ja et nende materjalide kasutamisele kehtivad KOGE ja \/ v\u00f5i platvormil sisu pakkujate kasutusreeglid. Te ei tohi \u00fcritada KOGE veebilehele manustatud turbekomponente ja kasutuseeskirju eirata, neid keelata, neist m\u00f6\u00f6da minna ega muul viisil takistada.<br \/>\n<\/br><br \/>\nELEKTROONILINE KOMMUNIKATSIOON\u00a0<br \/>\nKOGE ei v\u00f5ta endale vastutust eba\u00f5nnestunud, osalise v\u00f5i moonutatud arvutiedastuse eest, mis on tingitud arvuti, telefoni, kaabli, v\u00f5rgu, elektroonilise v\u00f5i Interneti riistvara v\u00f5i tarkvara riketest, t\u00f5rgetest, \u00fchendustest, saadavusest, mis tahes teenusepakkuja toimingute v\u00f5i tegevusetuse eest, Interneti juurdep\u00e4\u00e4setavusest v\u00f5i k\u00e4ttesaadavusest v\u00f5i liiklusummikutest v\u00f5i loata inimtegevusest, sealhulgas k\u00f5ikidest vigadest ja eksimustest.<br \/>\n<\/br><br \/>\nH\u00dcVITAMINE\u00a0<br \/>\nN\u00f5ustute kaitsma ja h\u00fcvitama KOGE-le mis tahes n\u00f5uete, hagide, n\u00f5udmiste, sissen\u00f5udmiste, kaotuste, kahjutasude, trahvide, karistuste v\u00f5i muude mis tahes t\u00fc\u00fcpi v\u00f5i laadi kulude eest, sealhulgas, kuid mitte ainult, m\u00f5istlike juriidiliste ja raamatupidamistasude eest, mille on esitanud kolmandad isikud ja mis on tingitud:\nTeiepoolsest k\u00e4esoleva kokkuleppe ja siin viidatud dokumentide rikkumisest.\nTeiepoolsest mis tahes seaduse v\u00f5i kolmanda osapoole \u00f5iguste rikkumisest.\nTeiepoolsest KOGE veebilehe ja teenuste kasutamisest.<br \/>\n<\/br><br \/>\nMUUDATUSED JA L\u00d5PETAMINE<br \/>\nMe v\u00f5ime veebilehte ja k\u00e4esolevaid tingimusi igal ajal oma \u00e4ran\u00e4gemise j\u00e4rgi ja ilma teile ette teatamata muuta. Teie vastutate nende tingimustega kursis olemise eest. Teie j\u00e4tkuv veebilehe kasutamine t\u00e4hendab, et n\u00f5ustute k\u00f5igi k\u00e4esolevate tingimuste muudatustega ja k\u00f5ik muudatused asendavad tingimuste k\u00f5iki varasemaid versioone. Kui siin pole teisiti t\u00e4psustatud, j\u00f5ustuvad k\u00f5igi tingimuste muudatused k\u00f5igi kasutajate suhtes. Lisaks v\u00f5ime nende tingimuste alusel k\u00e4esoleva kokkuleppe teiega igal ajal l\u00f5petada, teatades sellest teile kirjalikult (sealhulgas e-posti teel), v\u00f5i ette hoiatamata.<br \/>\n<\/br><br \/>\nISIKUANDMED\u00a0<br \/>\nIgasugust isiklikku teavet, mille postitate v\u00f5i mis on muul viisil seotud Teenustega ja platvormi kasutamisega, kasutatakse vastavalt meie privaatsuspoliitikale. Palun tutvuge meie privaatsuspoliitikaga. Meie privaatsuspoliitika on koostatud vastavalt GDPR-ile (Euroopa \u00fcldine andmekaitse m\u00e4\u00e4rus).<br \/>\n<\/br><br \/>\n\u00dcLE ANDMINE\u00a0<br \/>\nTe ei tohi seda lepingut ega selle alusel antud \u00f5igusi ega litsentse \u00fcle anda ega loovutada, ent KOGE v\u00f5ib need ilma piiranguteta \u00fcle anda.<br \/>\n<\/br><br \/>\nINTEGREERIMISKLAUSEL<br \/>\nK\u00e4esolev leping koos privaatsuspoliitika ja muude KOGE-s avaldatud juriidiliste teadetega moodustab kogu teie ja KOGE vahelise lepingu platvormi ja veebilehe kasutamise kohta ning reguleerib seda.<br \/>\n<\/br><br \/>\nVAIDLUSED<br \/>\nN\u00f5ustute, et k\u00f5ik k\u00e4esolevatest tingimustest tulenevad v\u00f5i nendega seotud v\u00f5i nende rikkumisest, l\u00f5petamisest, j\u00f5ustamisest, t\u00f5lgendamisest v\u00f5i kehtivusest v\u00f5i KOGE veebilehe kasutamisest tulenevad vaidlustused, pretensioonid v\u00f5i vaidlused lahendatakse teie ja KOGE vahel, v\u00e4lja arvatud asjaolu, et kummalgi poolel on \u00f5igus esitada hagi halduskohtusse ja \u00f5igus taotleda p\u00e4devas kohtus ettekirjutust v\u00f5i muud \u00f5iglast \u00f5iguskaitsevahendit, et hoida \u00e4ra tegelik v\u00f5i \u00e4hvardatud rikkumine, omastamine v\u00f5i m\u00f5ne poole autori\u00f5iguste, kaubam\u00e4rgi-, \u00e4risaladuse-, patendi- v\u00f5i muud intellektuaalomandi \u00f5iguse rikkumine. Te tunnistate ja n\u00f5ustute, et nii teie kui ka KOGE loobuvad \u00f5igusest vandekohtu protsessile v\u00f5i hageja v\u00f5i \u00fche \u00fchishagi osalejana osalemisele sisulises \u00fchishagis v\u00f5i esindajamenetluses. Lisaks, kui nii teie kui ka KOGE ei lepi kirjalikult kokku teisiti, ei v\u00f5i vahekohtunik konsolideerida rohkem kui \u00fche inimese n\u00f5udeid ega tohi muul viisil menetleda \u00fcksk\u00f5ik millist \u00fchishagi v\u00f5i esindajamenetlust.<br \/>\n<\/br><br \/>\nALAPEALKIRJAD\u00a0<br \/>\nAlapealkirjad on kasutusel \u00fcksnes viitamise eesm\u00e4rgil ning ei m\u00e4\u00e4ratle, piira, t\u00f5lgenda ega kirjelda mingil moel selle jaotise ulatust v\u00f5i m\u00e4\u00e4ra. Meie tegevusetus teie v\u00f5i teiste rikkumise korral ei v\u00f5ta meilt \u00f5igust tegutseda j\u00e4rgnevate v\u00f5i sarnaste rikkumiste korral. Need tingimused kirjeldavad kogu meievahelist arusaama ja kokkulepet selles sisalduvaga seoses.<br \/>\n<\/br><br \/>\nL\u00d5PPS\u00c4TTED\u00a0<br \/>\nNeid tingimusi reguleerivad Eesti ja Euroopa Liidu seadused. Meie veebilehe kasutamine on lubamatu k\u00f5igis jurisdiktsioonides, mis ei rakenda k\u00f5iki nende tingimuste s\u00e4tteid, sealhulgas, kuid mitte ainult, k\u00e4esolevat l\u00f5iku.\nMeie k\u00e4esolevate tingimuste t\u00e4itmise suhtes kehtivad seadused ja \u00f5iguslikud protsessid ning miski nendes tingimustes ei piira meie \u00f5igust t\u00e4ita \u00f5iguskaitse- v\u00f5i muid riiklikke v\u00f5i seaduslikke n\u00f5udeid v\u00f5i n\u00f5udmisi, mis on seotud teie platvormi kasutamisega, v\u00f5i teabega, mida meile on edastatud v\u00f5i mida me oleme kogunud seoses nimetatud kasutamisega.\nKui osutub, et m\u00f5ni nende tingimuste osa on kehtetu, ebaseaduslik v\u00f5i j\u00f5ustamatu, ei m\u00f5juta ega kahjusta see \u00fclej\u00e4\u00e4nud s\u00e4tete kehtivust, seaduslikkust ja j\u00f5ustamist. Meie suutmatus v\u00f5i viivitus nende tingimuste mis tahes s\u00e4tte j\u00f5ustamisega \u00fcksk\u00f5ik mis ajal ei v\u00f5ta meilt \u00f5igust j\u00f5ustada tulevikus samu v\u00f5i muid s\u00e4tteid.\nK\u00f5ik \u00f5igused, mida siin pole s\u00f5naselgelt v\u00e4ljendatud, on reserveeritud.<br \/>\n<\/br><br \/>\nV\u00d5TKE MEIEGA \u00dcHENDUST\u00a0<br \/>\nKui teil on nende tingimuste kohta k\u00fcsimusi v\u00f5i kahtlusi, v\u00f5tke meiega \u00fchendust kontaktivormi kaudu v\u00f5i j\u00e4rgnevate kontaktandmete kaudu:<br \/>\nEHC Lootsi O\u00dc<br \/>\nLootsi 8, 10151<br \/>\nTallinn<\/p>","protected":false},"excerpt":{"rendered":"<p>Welcome to\u00a0KOGE! These are the terms and conditions for: reidikvartal.ee By accessing the KOGE website, (hereby \u201cOur Website\u201d or \u201cKOGE website\u201d), you agree to be bound by these terms and conditions (\u201cTerms\u201d) and our Privacy Policy. If you do not accept all of these Terms, then you may not use Our Website and services. In [&hellip;]<\/p>","protected":false},"author":1,"featured_media":0,"parent":0,"menu_order":0,"comment_status":"closed","ping_status":"closed","template":"single.php","meta":{"_themeisle_gutenberg_block_has_review":false},"acf":[],"_links":{"self":[{"href":"https:\/\/reidikvartal.ee\/et\/wp-json\/wp\/v2\/pages\/185"}],"collection":[{"href":"https:\/\/reidikvartal.ee\/et\/wp-json\/wp\/v2\/pages"}],"about":[{"href":"https:\/\/reidikvartal.ee\/et\/wp-json\/wp\/v2\/types\/page"}],"author":[{"embeddable":true,"href":"https:\/\/reidikvartal.ee\/et\/wp-json\/wp\/v2\/users\/1"}],"replies":[{"embeddable":true,"href":"https:\/\/reidikvartal.ee\/et\/wp-json\/wp\/v2\/comments?post=185"}],"version-history":[{"count":7,"href":"https:\/\/reidikvartal.ee\/et\/wp-json\/wp\/v2\/pages\/185\/revisions"}],"predecessor-version":[{"id":192,"href":"https:\/\/reidikvartal.ee\/et\/wp-json\/wp\/v2\/pages\/185\/revisions\/192"}],"wp:attachment":[{"href":"https:\/\/reidikvartal.ee\/et\/wp-json\/wp\/v2\/media?parent=185"}],"curies":[{"name":"wp","href":"https:\/\/api.w.org\/{rel}","templated":true}]}}