{"id":174,"date":"2023-01-18T16:27:31","date_gmt":"2023-01-18T16:27:31","guid":{"rendered":"https:\/\/reidikvartal.ee\/?page_id=174"},"modified":"2023-01-23T13:47:34","modified_gmt":"2023-01-23T13:47:34","slug":"data-privacy","status":"publish","type":"page","link":"https:\/\/reidikvartal.ee\/et\/data-privacy\/","title":{"rendered":"Privaatsuspoliitika"},"content":{"rendered":"<p>Tere\u00a0tulemast\u00a0KOGE veebilehele!<br \/>\n<\/br><br \/>\nHindame teie privaatsust. See teatis kirjeldab, millist teavet me kogume, kuidas me seda kasutame ja kellega me seda vajadusel jagame.\nReidikvartal  lehek\u00fclge k\u00fclastades n\u00f5ustute k\u00e4esolevas Privaatsuspoliitikas kirjeldatud p\u00f5him\u00f5tetega.\u00a0Veebilehe kasutamisele teie poolt kehtivad ka meie Teenusetingimused.\nMeie privaatsuspoliitika on koostatud vastavalt\u00a0GDPR-ile (\u00fcldisele andmekaitsem\u00e4\u00e4rusele \u2013 Euroopa seadusandlusele).<br \/>\n<\/br><br \/>\n\u00dcLDINFO\u00a0<br \/>\nVeebilehel kogutud ja t\u00f6\u00f6deldud kasutajate isikuandmed:<br \/>\nreidikvartal.ee<br \/>\nVastutajaks\u00a0ja\u00a0haldajaks\u00a0on:\u00a0<br \/>\nEHC Lootsi O\u00dc<br \/>\nLootsi 8, 10151<br \/>\nTallinn<br \/>\n(Edaspidi\u00a0nimetatud\u00a0\u201cKOGE\u00a0\u201c).<br \/>\n<\/br><br \/>\nMILLIST INFOT KOGUTAKSE<br \/>\nKlientidelt saadud andmed aitavad teie kogemust KOGE-s isikup\u00e4rastada ja seda pidevalt t\u00e4iendada. Kogume j\u00e4rgmist t\u00fc\u00fcpi infot:\nInfo, mida te meile edastate.\u00a0Sisu otsimisel, lugemisel ja vaatamisel, digitaalse toote ostmisel v\u00f5i meiega suheldes annate te meile infot. Nende toimingute tulemusel v\u00f5ite meile edastada j\u00e4rgmisi andmeid: Ees- ja perekonnanimi, E-posti aadress, Telefoninumber (sealhulgas WhatsApp\u2019i number), Ettev\u00f5tte nimi, Postiindeks, Sotsiaalmeedia profiil, IP-aadress. Igasugune teisse puutuv lisainformatsioon, mida te annate meile kas otse l\u00e4bi meie veebilehtede v\u00f5i kaudselt l\u00e4bi veebilehtede v\u00f5i online-kohaloleku, n\u00e4iteks \u201ck\u00fcpsiste\u201d, kaudu\nKOGE ei kogu teie kohta isikut tuvastavaid andmeid, kui te neid ise ei esita.<br \/>\n<\/br><br \/>\nGOOGLE Analytics.\u00a0<br \/>\nKasutame Google Analyticsit, mida pakub ettev\u00f5te Google, Inc., USA (\u201cGoogle\u201d). See t\u00f6\u00f6riist ja tehnoloogiad koguvad ja anal\u00fc\u00fcsivad k\u00fcpsiste kasutamise teel teatud t\u00fc\u00fcpi teavet, sealhulgas IP-aadresse, seadme- ja tarkvaraidentifikaatoreid, viitavaid ja v\u00e4ljumis-URL-e, funktsioonide kasutamise m\u00f5\u00f5dikuid ja statistikat, kasutus- ja ostuajalugu, s\u00f5numiautentimiskoodi aadressi (MAC-aadress), mobiilsete unikaalsete seadmete identifikaatoreid ja muud sarnast teavet. Google Analyticsi loodud teavet (sealhulgas teie IP-aadressi) v\u00f5idakse Google\u2019ile edastada ja Google v\u00f5ib seda talletada Ameerika \u00dchendriikide serverites. Kasutame veebilehe t\u00e4iustamiseks ja teenuse parendamiseks GOOGLE Analyticsi andmekogumit.<br \/>\nhttps:\/\/policies.google.com\/privacy<br \/>\n<\/br><br \/>\nAutomaatne teave.\u00a0Sarnaselt paljudele veebilehtedele kasutame me \u201ck\u00fcpsiseid\u201d. Kui teie veebibrauser avab KOGE-i v\u00f5i v\u00f5i kolmanda osapoole sisu, mida KOGE  teenindab v\u00f5i tema nimel teenindatakse, omandame teatud t\u00fc\u00fcpi anon\u00fc\u00fcmset teavet, mis pole isikut tuvastav. Osa meie kogutavast ja anal\u00fc\u00fcsitavast teabest sisaldab Interneti protokolli (IP) aadressi; arvuti ja \u00fchenduse teavet, n\u00e4iteks brauseri t\u00fc\u00fcpi, versiooni ja \u00fchenduse kiirust; ostude ajalugu; ja digitaalseid tooteid, mida otsisite, vaatasite ja v\u00f5imalusel ostsite.<br \/>\n<\/br><br \/>\nKUI KAUA ME TEIE ANDMEID HOIAME<br \/>\nIsikuandmeid s\u00e4ilitatakse teenuste osutamiseks vajaliku aja jooksul v\u00f5i seni, kuni asjaomane isik ei t\u00fchista oma n\u00f5usolekut.<br \/>\n<\/br><br \/>\nKUIDAS ME TEIE ANDMEID KASUTAME\u00a0<br \/>\n\u00dcldiselt kasutame kogutud teavet peamiselt oma olemasoleva veebilehe ja teenuste pakkumiseks, hooldamiseks, kaitsmiseks ja parendamiseks ning uute teenuste arendamiseks. Me kasutame oma veebis kogutud isikuandmeid allpool ja k\u00e4esolevas poliitikas mujal kirjeldatud viisil:\u00a0\nTeie kui kasutaja identifitseerimiseks meie s\u00fcsteemis.\nK\u00fcberturvalisuse teenuste pakkumiseks.\nKonsultatsiooniteenuste pakkumiseks.\nOma teenuste, veebilehe ja oma ettev\u00f5tte juhtimise parandamiseks.\nKasutuskogemuse m\u00f5istmiseks ja parendamiseks, mida te meie veebilehel ja teenuseid kasutades saate.\nMasspostituste platvormide nagu MailChimp and Klaviyo kaudu e-kirjade saatmiseks.\nTeiega suhtlemiseks ja meie teenustest teavitamiseks.\nTeile asjakohase teabe saatmiseks, sealhulgas kinnituste, arvete, tehniliste teadaannete, v\u00e4rskenduste, turvahoiatuste ning tugi- ja administratiivteadete edastamiseks.\nTeie informeerimiseks saabuvatest s\u00fcndmustest ja tooteid ja teenuseid puudutavatest uudistest, mida KOGE veebileht ja meie valitud partnerid pakuvad.\nKOGE  veebilehe turunduslikel eesm\u00e4rkidel (Google\u2019i reklaamid, Facebooki reklaamid, Twitteri reklaamid, Pinteresti reklaamid, Instagrami reklaamid jne).\nTeie informatsiooni sidumiseks v\u00f5i kombineerimiseks kolmandatelt osapooltelt saadud informatsiooniga, et paremini m\u00f5ista teie vajadusi ja pakkuda teile paremat teenust.\nKaitsta, uurida ja hoiduda pettuse, loata v\u00f5i ebaseadusliku tegevuse eest.<br \/>\n<\/br><br \/>\nKUIDAS TE SAATE MINULT N\u00d5USOLEKU?\u00a0<br \/>\nAvades KOGE lehek\u00fclje annate meile teiega suhtlemiseks isiklikke andmeid, annate n\u00f5usoleku teie andmete kogumiseks ja kasutamiseks. V\u00f5ite oma n\u00f5usoleku tagasi v\u00f5tta \u2013 v\u00f5tke meiega \u00fchendust.<br \/>\n<\/br><br \/>\nSOTSIAALV\u00d5RGUSTIKUD\u00a0<br \/>\nLeiate meie veebilehelt linke ja funktsioone, mis on seotud erinevate sotsiaalv\u00f5rgustikega, kus saate oma informatsiooni jagada.<br \/>\nSoovitav on tutvuda k\u00f5igi meie veebilehel kasutatavate sotsiaalv\u00f5rgustike privaatsuspoliitika ja andmekaitsega.<br \/>\nFacebook:\u00a0https:\/\/www.facebook.com\/privacy\/explanation<br \/>\n<\/br><br \/>\nK\u00dcPSISED\u00a0<br \/>\nKui te k\u00fclastate KOGE veebilehte, saadame v\u00e4lja \u00fche v\u00f5i mitu k\u00fcpsist.<br \/>\nMis on k\u00fcpsised?\u00a0\n\u201cK\u00fcpsised\u201d on v\u00e4ikesed tekstifailid, mis salvestatakse teie arvutisse v\u00f5i mobiilseadmesse veebilehe k\u00fclastamisel. Need v\u00f5imaldavad veebilehel teie seadet \u00e4ra tunda ja meeles pidada, kas olete sellel veebilehel juba varem k\u00e4inud. K\u00fcpsised on v\u00e4ga levinud veebitehnoloogia; enamik veebilehti kasutab k\u00fcpsiseid ja on seda teinud aastaid. K\u00fcpsiseid kasutatakse laialdaselt veebilehtede efektiivsema t\u00f6\u00f6 tagamiseks ning veebilehtede omanikele info edastamiseks.<br \/>\nK\u00fcpsiste abil m\u00f5\u00f5detakse, milliseid veebilehe osi inimesed k\u00fclastavad, samuti teie kogemuse kohandamiseks. K\u00fcpsised annavad ka teavet, mis aitab meil j\u00e4lgida ja parandada veebilehe toimimist.<br \/>\nK\u00fcpsiste kasutamise n\u00f5usoleku andmisest keeldumine v\u00f5i sellest loobumine\u00a0<br \/>\nKui te ei soovi, et k\u00fcpsised teie seadmesse satuksid, saate kohandada oma veebibrauseri seadeid selliselt, et keeldute k\u00f5igist v\u00f5i m\u00f5nedest k\u00fcpsistest ja teid teavitatakse, kui k\u00fcpsis teie seadmesse paigaldatakse. Lisateavet selle kohta leiate oma brauseri jaotistest \u201eabi\u201d, \u201et\u00f6\u00f6riistad\u201d v\u00f5i \u201eredigeerimine\u201d. Pange t\u00e4hele, et kui kasutate oma brauseri seadeid k\u00f5igi k\u00fcpsiste, sealhulgas rangelt vajalike k\u00fcpsiste (vt allpool) blokeerimiseks, ei pruugi te osaliselt v\u00f5i t\u00e4ielikult saada juurdep\u00e4\u00e4su  KOGE veebilehe funktsioonidele.<br \/>\nJ\u00e4rgnevalt lingid k\u00fcpsistest keeldumiseks s\u00f5ltuvalt sellest, millist brauserit te kasutate: J\u00e4rgnevalt lingid k\u00fcpsistest keeldumiseks s\u00f5ltuvalt sellest, millist brauserit te kasutate:<br \/>\nInternet Explorer:\u00a0http:\/\/windows.microsoft.com\/es-xl\/internet-explorer\/delete-manage-cookies#ie=ie-10<br \/>\nFirefox:\u00a0http:\/\/support.mozilla.org\/es\/kb\/habilitar-y-deshabilitar-cookies-que-los-sitios-we<br \/>\nChrome:\u00a0https:\/\/support.google.com\/chrome\/answer\/95647?hl=en<br \/>\nSafari:\u00a0https:\/\/www.apple.com\/legal\/privacy\/es\/cookies\/<br \/>\nSamuti saate kustutada enda poolt brauseris salvestatud k\u00fcpsised, kui avate selle seadistamise valikud.<br \/>\nMeie k\u00fcpsiseid kasutatakse j\u00e4rgmistel eesm\u00e4rkidel:\u00a0<br \/>\nRangelt vajalikud: Need k\u00fcpsised on vajalikud, et KOGE veebileht saaks t\u00e4ita oma p\u00f5hifunktsioone.<br \/>\nFunktsionaalsus: Neid k\u00fcpsiseid kasutatakse kasutajate seatud eelistuste, n\u00e4iteks konto nime, keele ja asukoha salvestamiseks. See v\u00f5imaldab KOGE veebilehtedel pakkuda teile isikup\u00e4rastatud funktsioone.<br \/>\nTurvalisus: Kasutame neid k\u00fcpsiseid identifitseerimiseks ja v\u00f5imalike turvariskide v\u00e4ltimiseks.<br \/>\nAnal\u00fc\u00fctika ja j\u00f5udlus: J\u00f5udlusk\u00fcpsised koguvad teavet selle kohta, kuidas kasutajad meie veebilehtedega suhtlevad, sealhulgas selle kohta, milliseid lehti k\u00f5ige rohkem k\u00fclastatakse, samuti muid anal\u00fc\u00fctilisi andmeid. Neid andmeid kasutame meie veebilehtede t\u00f6\u00f6tamise parandamiseks ja selleks, et m\u00f5ista, kuidas kasutajad nendega suhtlevad.<br \/>\nReklaam (Facebooki reklaamid, Google\u2019i reklaamid, YouTube\u2019i reklaamid, Twitteri reklaamid jne): Neid k\u00fcpsiseid kasutatakse asjakohase reklaami kuvamiseks k\u00fclastajatele, kes kasutavad meie teenuseid v\u00f5i k\u00fclastavad meie majutatavaid v\u00f5i pakutavaid veebilehti, samuti meie veebilehtedel pakutavate reklaamide t\u00f5hususe m\u00f5\u00f5tmiseks ja aruandluseks selle kohta. Need j\u00e4lgivad selliseid detaile nagu unikaalsete k\u00fclastajate arv, konkreetsete reklaamide kuvamise kordade arv ja reklaamidel tehtud klikkide arv. Neid kasutatakse ka kasutajaprofiilide loomiseks, sealhulgas reklaamide kuvamiseks, mis p\u00f5hinevad meie veebilehtedel vaadatud toodetel. Neid m\u00e4\u00e4ravad KOGE ja usaldusv\u00e4\u00e4rsete kolmandate osapoolte v\u00f5rgustikud ning need on oma olemuselt p\u00fcsik\u00fcpsised.<br \/>\n<\/br><br \/>\nKUIDAS ME INFORMATSIOONI JAGAME\u00a0<br \/>\nInformation about our customers is an important part of our business, and we are not in the business of selling it to others. We share customer information only as described below. Third-Party Service Providers.\u00a0We employ other companies and individuals to perform functions on our behalf. Examples include process payments (PayPal, Braintree, Google Pay, and Stripe), sending an email, analyzing data, providing marketing assistance, providing search results and links. They have access to personal information needed to perform their functions, but may not use it for other purposes.<br \/>\nOmandi \u00fcleminek.\u202fKui KOGE asutab m\u00f5ne muu \u00fcksuse, liitub m\u00f5ne \u00fcksusega v\u00f5i omandab m\u00f5ne \u00fcksuse, on teie teabe edastamine t\u00f5en\u00e4oline. KOGE saadab teile e-kirja v\u00f5i avaldame oma veebilehel silmapaistva teadaande enne, kui teie andmete suhtes kohaldatakse m\u00f5nda muud privaatsuspoliitikat.<br \/>\nKOGE ja teiste kaitse.\u202fMe avaldame isikuandmeid, kui usume, et see on vajalik seaduse j\u00e4rgimiseks, meie tingimuste ja muude lepingute j\u00f5ustamiseks v\u00f5i kohaldamiseks v\u00f5i KOGE, meie kasutajate v\u00f5i teiste \u00f5iguste, omandi v\u00f5i turvalisuse kaitsmiseks. See h\u00f5lmab teabevahetust teiste ettev\u00f5tete ja organisatsioonidega pettusevastaseks tegevuseks ja krediidiriski v\u00e4hendamiseks.<br \/>\nTeie n\u00f5usolekul.\u202f\u00dclalkirjeldatud viisidest erinevatel juhtudel saate te teate, kui teie isikuandmeid v\u00f5idakse edastada kolmandatele osapooltele, ja teil on v\u00f5imalus valida, kas jagada seda teavet v\u00f5i mitte.<br \/>\nAnon\u00fc\u00fcmne informatsioon.KOGE kasutab meie serverite automaatselt kogutud anon\u00fc\u00fcmset sirvimisteavet peamiselt selleks, et aidata meil veebilehte hallata ja t\u00e4iustada. Samuti v\u00f5ime kasutada veebilehe anon\u00fc\u00fcmsete andmete koondit info edastamiseks potentsiaalsetele \u00e4ripartneritele ja teistele mitteseotud \u00fcksustele. See teave ei v\u00f5imalda isikut tuvastada.<br \/>\nE-posti aadress.\u202f E-posti aadressi, mille te meile e-posti teadete saamiseks edastate, ei rendita ega m\u00fc\u00fcda kunagi kolmandale osapoolele. E-posti aadress.\u202fE-posti aadressi, mille te meile e-posti teadete saamiseks edastate, ei rendita ega m\u00fc\u00fcda kunagi kolmandale osapoolele.<br \/>\n<\/br><br \/>\nTEIE INFORMATSIOONI KAITSMINE\u00a0<br \/>\nPingutame selleks, et kaitsta edastamise ajal teie teabe turvalisust, kasutades SSL (Secure Sockets Layer) tarkvara, mis kr\u00fcpteerib teie sisestatud teabe. Kui veebilehel t\u00f6\u00f6deldakse tehinguid, edastatakse tehingute andmed veebilehele ja veebilehelt edasi kr\u00fcpteeritud kujul, kasutades t\u00f6\u00f6stusala standardiks olevaid SSL-\u00fchendusi, et kaitsta neid andmeid pealtkuulamise eest. Piirame volitatud juurdep\u00e4\u00e4su teie isikuandmetele ainult nende isikutega, kellel on seaduslik eesm\u00e4rk seda teavet teada saada, et teile tooteid v\u00f5i teenuseid pakkuda, ja nende isikutega, kellele olete andnud loa nendele andmetele juurdep\u00e4\u00e4suks.\u00a0\nKOGE j\u00e4rgib meile edastatud isikuandmete kaitsmisel \u00fcldtunnustatud t\u00f6\u00f6stusstandardeid nii edastamise ajal kui ka p\u00e4rast andmete k\u00e4ttesaamist KOGE poolt. \u00dckski Interneti kaudu edastamise viis ega elektrooniline salvestusviis pole 100% turvaline. Seet\u00f5ttu p\u00fc\u00fcab KOGE teie isikuandmete kaitsmiseks kasutada \u00e4riliselt vastuv\u00f5etavaid vahendeid, kuid me ei saa tagada nende t\u00e4ielikku turvalisust.\nMe ei m\u00fc\u00fc, levita ega rendi teie isikuandmeid kolmandatele osapooltele, kui meil puudub selleks teie luba v\u00f5i kui seadus seda ei n\u00f5ua.<br \/>\nTEIE \u00d5IGUSED<br \/>\nSeoses KOGE -le edastatud isikuandmetega on teil j\u00e4rgmised \u00f5igused:<br \/>\nJuurdep\u00e4\u00e4s oma isikuandmetele. \u00d5igus n\u00f5uda ebat\u00e4psete andmete parandamist. \u00d5igus n\u00f5uda nende kustutamist. \u00d5igus n\u00f5uda oma andmete k\u00e4itlemise piiramist. \u00d5igus olla oma andmete k\u00e4itlemise vastu. \u00d5igus taotleda andmete teisaldatavust. \u00d5igus n\u00f5uda, et teie suhtes ei kohaldataks automatiseeritud \u00fcksikotsuseid.\nKasutajad saavad k\u00f5iki neid \u00f5igusi kasutada, p\u00f6\u00f6rdudes meie poole kontaktandmete v\u00f5i kontakti lehe kaudu ja m\u00e4rkides oma taotluse p\u00f5hjuse. Ilma, et see piiraks mis tahes muu halduskaebuse v\u00f5i kohtumenetluse algatamist, on kasutajal \u00f5igus esitada n\u00f5ue kontrolliasutusele, eriti selles liikmesriigis, kus on tema alaline elukoht, t\u00f6\u00f6koht v\u00f5i v\u00e4idetava asukoha koht, teade rikkumisest, kui arvate, et teie isikuandmete t\u00f6\u00f6tlemine ei ole m\u00e4\u00e4ruste kohane, samuti juhul, kui te ei pea oma \u00f5iguste kasutamist rahuldavaks. Kontrolliasutus, kellele n\u00f5ue esitati, teavitab n\u00f5ude esitajat n\u00f5ude k\u00e4igust ja tulemusest.<br \/>\nEL-I LIIKMETE \u00d5IGUSED (GDPR-IGA \u00dcHILDUVAD)\u00a0<br \/>\nKui asute enamasti Euroopa Liidus, on teil \u00f5igus oma teabele juurde p\u00e4\u00e4seda, seda parandada, alla laadida v\u00f5i kustutada, samuti \u00f5igus piirata oma teabe t\u00f6\u00f6tlemist ja olla t\u00f6\u00f6tlemise vastu. Kuigi m\u00f5ned neist \u00f5igustest kehtivad \u00fcldiselt, kehtivad teatud \u00f5igused ainult teatud piiratud asjaoludel.<br \/>\nKirjeldame allpool neid \u00f5igusi:<br \/>\nJuurdep\u00e4\u00e4s ja teisaldamine: teil on igal ajal juurdep\u00e4\u00e4s oma andmetele.<br \/>\nParandamine, piiramine, kustutamine: suurt osa oma andmetest saate ka parandada, piirata v\u00f5i kustutada, kui meiega \u00fchendust v\u00f5tate.<br \/>\nVastu olemine: kui t\u00f6\u00f6tleme teie teavet \u00fclaltoodud \u00f5igustatud huvidest l\u00e4htuvalt v\u00f5i avalikes huvides, v\u00f5ite teatud tingimustel sellisele t\u00f6\u00f6tlemisele vastu olla. Sellistel juhtudel l\u00f5petame teie teabe t\u00f6\u00f6tlemise, v\u00e4lja arvatud juhul, kui meil on kaalukaid \u00f5igustatud aluseid t\u00f6\u00f6tlemise j\u00e4tkamiseks v\u00f5i kui see on \u00f5iguslikel p\u00f5hjustel vajalik.<br \/>\nN\u00f5usoleku t\u00fchistamine: kui olete varasemalt andnud oma n\u00f5usoleku, n\u00e4iteks selleks, et lubada meil t\u00f6\u00f6delda teiega seotud terviseandmeid, on teil igal ajal \u00f5igus oma andmete t\u00f6\u00f6tlemise n\u00f5usolek tagasi v\u00f5tta. N\u00e4iteks saate oma n\u00f5usoleku tagasi v\u00f5tta, v\u00e4rskendades oma seadeid. Teatavatel juhtudel v\u00f5ime p\u00e4rast n\u00f5usoleku tagasiv\u00f5tmist j\u00e4tkata teie andmete t\u00f6\u00f6tlemist, kui meil on selleks seaduslik alus v\u00f5i kui teie n\u00f5usoleku tagasiv\u00f5tmine piirdus teatud t\u00f6\u00f6tlemistoimingutega.<br \/>\nKaebuse esitamine: kui soovite esitada kaebust oma andmete kasutamise teemal (ja ilma et see piiraks teie muid \u00f5igusi), on teil \u00f5igus see esitada oma kohalikule j\u00e4relevalveasutusele.<br \/>\nLisaks, kui olete Euroopa elanik, t\u00f6\u00f6tleme teie andmeid selleks, et t\u00e4ita teiega s\u00f5lmitud lepinguid v\u00f5i saavutada muul viisil meie \u00fclalloetletud \u00f5igustatud \u00e4rihuve. Pange t\u00e4hele ka seda, et teie andmeid edastatakse v\u00e4ljaspoole Euroopat.<br \/>\nRohkem teavet nende \u00f5iguste kohta saate siit:<br \/>\nhttps:\/\/ec.europa.eu\/info\/law\/law-topic\/data-protection\/reform\/rights-citizens_en<br \/>\n<\/br><br \/>\nLASTE INTERNETI-PRIVAATSUSE KAITSE\u00a0\u00a0<br \/>\nJ\u00e4rgime alaealiste isikuandmete kaitset k\u00e4sitleva \u00fcldise andmekaitsem\u00e4\u00e4ruse (GDPR) n\u00f5udeid. Me ei kogu alla 13-aastastelt isikutelt mingeid andmeid. Kogu meie veebileht, tooted ja teenused on suunatud v\u00e4hemalt 18-aastastele isikutele.<br \/>\n<\/br><br \/>\nINFO MUUTMINE JA KUSTUTAMINE\u00a0<br \/>\nKui leiate, et mingid teid puudutavad andmeid, mida omame, on valed v\u00f5i puudulikud, kirjutage meile esimesel v\u00f5imalusel v\u00f5i saatke meile e-kiri. Parandame eba\u00f5igeks osutunud andmed viivitamata. Saate oma andmeid igal ajal kohandada, muuta, parandada ja kustutada. V\u00f5tke meiega \u00fchendust kontaktide kaudu.<br \/>\n<\/br><br \/>\nTARNIJAD JA TEISED KOLMANDAD OSAPOOLED\u00a0<br \/>\nKui k\u00e4esolevas privaatsuspoliitikas pole s\u00f5naselgelt \u00f6eldud teisiti, k\u00e4sitletakse selles dokumendis ainult nende andmete kasutamist ja avalikustamist, mida KOGE teilt kogub. Kui avaldate oma teabe teistele, olgu KOGE  teistele kasutajatele v\u00f5i tarnijatele, v\u00f5ivad neile avaldatud andmete kasutamisel v\u00f5i avalikustamisel kehtida teistsugused reeglid. KOGE ei kontrolli kolmandate osapoolte privaatsuseeskirju ja teie suhtes kehtivad vajadusel nende kolmandate osapoolte privaatsuseeskirjad. KOGE ei vastuta teiste Internetis asuvate veebilehtede, ka nende, mis on lingi kaudu juhivad KOGE veebi v\u00f5i sellelt v\u00e4lja, privaatsuse v\u00f5i turvan\u00f5uete eest. KOGE soovitab teil enne oma isikuandmete teistele avaldamist esitada k\u00fcsimusi.<br \/>\n<\/br><br \/>\nK\u00c4ESOLEVA PRIVAATSUSPOLIITIKA MUUDATUSED<br \/>\nKOGE postitab muudatused k\u00e4esolevasse privaatsuspoliitikasse kuup\u00e4eva alusel ja teavitab teid muudatustest. KOGE j\u00e4tab endale \u00f5iguse k\u00e4esolevat privaatsuspoliitikat igal ajal muuta, palun tutvuge sellega regulaarselt.<br \/>\n<\/br><br \/>\nV\u00d5TKE MEIEGA \u00dcHENDUST\u00a0<br \/>\nKui teil on k\u00fcsimusi v\u00f5i probleeme, mis puudutavad k\u00e4esolevat privaatsuspoliitikat ning teie andmete k\u00e4sitsemist ja turvalisust sellel veebilehel, v\u00f5tke meiega \u00fchendust tehnilise toe lehe kaudu v\u00f5i j\u00e4rgmisel aadressil:<br \/>\nEHC Lootsi O\u00dc<br \/>\nLootsi 8, 10151<br \/>\nTallinn<\/p>","protected":false},"excerpt":{"rendered":"<p>Welcome to\u00a0KOGE! KOGE\u00a0values your privacy. This notice describes what information we collect, how we use it, and, if necessary, those with whom we share it. By visiting\u00a0KOGE,\u00a0you are accepting the practices described in this Privacy Policy.\u00a0Your use of the website is also subject to our Terms of service. This Privacy Policy may change from time [&hellip;]<\/p>","protected":false},"author":1,"featured_media":0,"parent":0,"menu_order":0,"comment_status":"closed","ping_status":"closed","template":"single.php","meta":{"_themeisle_gutenberg_block_has_review":false},"acf":[],"_links":{"self":[{"href":"https:\/\/reidikvartal.ee\/et\/wp-json\/wp\/v2\/pages\/174"}],"collection":[{"href":"https:\/\/reidikvartal.ee\/et\/wp-json\/wp\/v2\/pages"}],"about":[{"href":"https:\/\/reidikvartal.ee\/et\/wp-json\/wp\/v2\/types\/page"}],"author":[{"embeddable":true,"href":"https:\/\/reidikvartal.ee\/et\/wp-json\/wp\/v2\/users\/1"}],"replies":[{"embeddable":true,"href":"https:\/\/reidikvartal.ee\/et\/wp-json\/wp\/v2\/comments?post=174"}],"version-history":[{"count":20,"href":"https:\/\/reidikvartal.ee\/et\/wp-json\/wp\/v2\/pages\/174\/revisions"}],"predecessor-version":[{"id":202,"href":"https:\/\/reidikvartal.ee\/et\/wp-json\/wp\/v2\/pages\/174\/revisions\/202"}],"wp:attachment":[{"href":"https:\/\/reidikvartal.ee\/et\/wp-json\/wp\/v2\/media?parent=174"}],"curies":[{"name":"wp","href":"https:\/\/api.w.org\/{rel}","templated":true}]}}